{"id":497,"date":"2021-01-17T16:54:16","date_gmt":"2021-01-17T16:54:16","guid":{"rendered":"https:\/\/hegglin-hrsolutions.ch\/?page_id=497"},"modified":"2021-02-08T21:14:35","modified_gmt":"2021-02-08T21:14:35","slug":"executive-search-recruiting","status":"publish","type":"page","link":"https:\/\/hegglin-hrsolutions.ch\/?page_id=497","title":{"rendered":"Executive Search &#038; Recruiting"},"content":{"rendered":"\t\t<div data-elementor-type=\"wp-page\" data-elementor-id=\"497\" class=\"elementor elementor-497\">\n\t\t\t\t\t\t<div class=\"elementor-inner\">\n\t\t\t\t<div class=\"elementor-section-wrap\">\n\t\t\t\t\t\t\t\t\t<section class=\"elementor-section elementor-top-section elementor-element elementor-element-ea91e83 elementor-reverse-mobile elementor-section-boxed elementor-section-height-default elementor-section-height-default\" data-id=\"ea91e83\" data-element_type=\"section\">\n\t\t\t\t\t\t<div class=\"elementor-container elementor-column-gap-no\">\n\t\t\t\t\t\t\t<div class=\"elementor-row\">\n\t\t\t\t\t<div class=\"aux-parallax-section elementor-column elementor-col-50 elementor-top-column elementor-element elementor-element-13fc21e\" data-id=\"13fc21e\" data-element_type=\"column\">\n\t\t\t<div class=\"elementor-column-wrap elementor-element-populated\">\n\t\t\t\t\t\t\t<div class=\"elementor-widget-wrap\">\n\t\t\t\t\t\t<div class=\"elementor-element elementor-element-5acae14 aux-appear-watch-animation aux-fade-in-up elementor-widget elementor-widget-heading\" data-id=\"5acae14\" data-element_type=\"widget\" data-widget_type=\"heading.default\">\n\t\t\t\t<div class=\"elementor-widget-container\">\n\t\t\t<h4 class=\"elementor-heading-title elementor-size-default\">RECRUITING<\/h4>\t\t<\/div>\n\t\t\t\t<\/div>\n\t\t\t\t<div class=\"elementor-element elementor-element-554ef83 elementor-widget elementor-widget-aux_modern_heading\" data-id=\"554ef83\" data-element_type=\"widget\" data-widget_type=\"aux_modern_heading.default\">\n\t\t\t\t<div class=\"elementor-widget-container\">\n\t\t\t<section class=\"aux-widget-modern-heading\">\n            <div class=\"aux-widget-inner\"><h4 class=\"aux-modern-heading-primary\">Gute Fachkr\u00e4fte zu finden, ist f\u00fcr ein Unternehmen essenziell.<\/h4><p class=\"aux-modern-heading-secondary\"><span class=\"aux-head-before\">Eine Fehlbesetzung kann rasch hohe Kosten und Unzufriedenheit f\u00fcr und im Unternehmen mit sich bringen. Deshalb ist es wichtig, den ganzen Anstellungsprozess bestm\u00f6glich zu steuern. Beginnend mit einem detaillierten Stellenbeschrieb, in welchem festgehalten wird, welche Aufgaben und Unternehmensziele der Stelleninhaber\/die Stelleninhaberin zu erf\u00fcllen hat. Daraus folgt der Entscheid, auf welchem Weg die Stelle ausgeschrieben wird und wer wann in den Bewerbungs- und Entscheidungsprozess zu involvieren ist.<br><br>Die Gespr\u00e4che selbst sollten von Personen gef\u00fchrt werden, die \u00fcber einen grossen Erfahrungsschatz bei der Besetzung von Executive Positionen verf\u00fcgen. Denn bei der Rekrutierung von F\u00fchrungspersonen stehen neben den geforderten fachlichen Kompetenzen das Sozialverhalten wie auch die Bereitschaft, die Werte der Unternehmenskultur gegen\u00fcber innen und aussen uneingeschr\u00e4nkt zu vertreten, im Zentrum.<\/span><\/p><div class=\"aux-modern-heading-description\">Dank meiner langj\u00e4hrigen Rekrutierungserfahrung kann ich Sie in diesem Prozess auf allen Stufen kompetent beraten. Wir erarbeiten das exakte Stellenprofil und f\u00fchren, wo notwendig, Gespr\u00e4che mit Unterstellten und Peers. Gerne f\u00fchre ich auch mit Ihnen gemeinsam die entsprechenden Gespr\u00e4che und coache Ihre neue F\u00fchrungskraft in der Einf\u00fchrungsphase.<\/div><\/div>\n        <\/section>\t\t<\/div>\n\t\t\t\t<\/div>\n\t\t\t\t<div class=\"elementor-element elementor-element-5589a56 elementor-widget elementor-widget-button\" data-id=\"5589a56\" data-element_type=\"widget\" data-widget_type=\"button.default\">\n\t\t\t\t<div class=\"elementor-widget-container\">\n\t\t\t\t\t<div class=\"elementor-button-wrapper\">\n\t\t\t<a href=\"mailto:%20hegglinhrsolutions@bluewin.ch\" target=\"_blank\" class=\"elementor-button-link elementor-button elementor-size-sm\" role=\"button\">\n\t\t\t\t\t\t<span class=\"elementor-button-content-wrapper\">\n\t\t\t\t\t\t<span class=\"elementor-button-text\">Kontakt<\/span>\n\t\t<\/span>\n\t\t\t\t\t<\/a>\n\t\t<\/div>\n\t\t\t\t<\/div>\n\t\t\t\t<\/div>\n\t\t\t\t\t\t<\/div>\n\t\t\t\t\t<\/div>\n\t\t<\/div>\n\t\t\t\t<div class=\"aux-parallax-section elementor-column elementor-col-50 elementor-top-column elementor-element elementor-element-db02a3a\" data-id=\"db02a3a\" data-element_type=\"column\">\n\t\t\t<div class=\"elementor-column-wrap elementor-element-populated\">\n\t\t\t\t\t\t\t<div class=\"elementor-widget-wrap\">\n\t\t\t\t\t\t<div class=\"elementor-element elementor-element-586249a elementor-hidden-phone elementor-widget__width-auto elementor-widget elementor-widget-aux_image\" data-id=\"586249a\" data-element_type=\"widget\" data-widget_type=\"aux_image.default\">\n\t\t\t\t<div class=\"elementor-widget-container\">\n\t\t\t<section class=\"widget-container aux-widget-image aux-alignnone aux-parent-aub788a35e\">\n    <div class=\"aux-media-hint-frame \">\n        <div class=\"aux-media-image \" >\n        \n            \n\n            \n            <img decoding=\"async\" loading=\"lazy\" width=\"1418\" height=\"1418\" src=\"image\/gif;base64,R0lGODlhAQABAIAAAAAAAP\/\/\/yH5BAEAAAAALAAAAAABAAEAAAIBRAA7\" class=\"aux-attachment aux-featured-image aux-attachment-id-58 aux-preload aux-blank\" alt=\"demo-attachment-69-circle\" data-ratio=\"1\" data-original-w=\"1418\" data-src=\"https:\/\/hegglin-hrsolutions.ch\/wp-content\/uploads\/2019\/04\/circle.png\" \/>            \n                <\/div>\n    <\/div>\n\n<\/section><!-- widget-container -->\t\t<\/div>\n\t\t\t\t<\/div>\n\t\t\t\t<div class=\"elementor-element elementor-element-bdf9627 aux-appear-watch-animation aux-mask-from-left elementor-widget elementor-widget-aux_image\" data-id=\"bdf9627\" data-element_type=\"widget\" data-widget_type=\"aux_image.default\">\n\t\t\t\t<div class=\"elementor-widget-container\">\n\t\t\t<section class=\"widget-container aux-widget-image aux-alignnone aux-parent-auca5773f8\">\n    <div class=\"aux-media-hint-frame \">\n        <div class=\"aux-media-image \" >\n        \n            \n\n            \n            <img decoding=\"async\" loading=\"lazy\" width=\"644\" height=\"750\" src=\"image\/gif;base64,R0lGODlhAQABAIAAAAAAAP\/\/\/yH5BAEAAAAALAAAAAABAAEAAAIBRAA7\" class=\"aux-attachment aux-featured-image aux-attachment-id-534 aux-preload aux-blank\" alt=\"gabrielle-henderson-HJckKnwCXxQ-unsplash - Kopie\" data-ratio=\"0.86\" data-original-w=\"921\" sizes=\"auto\" data-srcset=\"https:\/\/hegglin-hrsolutions.ch\/wp-content\/uploads\/2021\/01\/gabrielle-henderson-HJckKnwCXxQ-unsplash-Kopie-150x175.jpg 150w,https:\/\/hegglin-hrsolutions.ch\/wp-content\/uploads\/2021\/01\/gabrielle-henderson-HJckKnwCXxQ-unsplash-Kopie-300x349.jpg 300w,https:\/\/hegglin-hrsolutions.ch\/wp-content\/uploads\/2021\/01\/gabrielle-henderson-HJckKnwCXxQ-unsplash-Kopie-768x894.jpg 768w,https:\/\/hegglin-hrsolutions.ch\/wp-content\/uploads\/2021\/01\/gabrielle-henderson-HJckKnwCXxQ-unsplash-Kopie-644x750.jpg 644w\" data-src=\"https:\/\/hegglin-hrsolutions.ch\/wp-content\/uploads\/2021\/01\/gabrielle-henderson-HJckKnwCXxQ-unsplash-Kopie-644x750.jpg\" \/>            \n                <\/div>\n    <\/div>\n\n<\/section><!-- widget-container -->\t\t<\/div>\n\t\t\t\t<\/div>\n\t\t\t\t\t\t<\/div>\n\t\t\t\t\t<\/div>\n\t\t<\/div>\n\t\t\t\t\t\t\t\t<\/div>\n\t\t\t\t\t<\/div>\n\t\t<\/section>\n\t\t\t\t\t\t\t\t\t<\/div>\n\t\t\t<\/div>\n\t\t\t\t\t<\/div>\n\t\t","protected":false},"excerpt":{"rendered":"<p>RECRUITING Gute Fachkr\u00e4fte zu finden, ist f\u00fcr ein Unternehmen essenziell. Eine Fehlbesetzung kann rasch hohe Kosten und Unzufriedenheit f\u00fcr und im Unternehmen mit sich bringen. Deshalb ist es wichtig, den ganzen Anstellungsprozess bestm\u00f6glich zu steuern. Beginnend mit einem detaillierten Stellenbeschrieb, in welchem festgehalten wird, welche Aufgaben und Unternehmensziele der Stelleninhaber\/die Stelleninhaberin zu erf\u00fcllen hat. Daraus [&hellip;]<\/p>\n","protected":false},"author":1,"featured_media":0,"parent":79,"menu_order":0,"comment_status":"closed","ping_status":"closed","template":"","meta":[],"yoast_head":"<!-- This site is optimized with the Yoast SEO plugin v20.0 - https:\/\/yoast.com\/wordpress\/plugins\/seo\/ -->\n<title>Executive Search &amp; Recruiting - Hegglin HR-Solutions<\/title>\n<meta name=\"robots\" content=\"index, follow, max-snippet:-1, max-image-preview:large, max-video-preview:-1\" \/>\n<link rel=\"canonical\" href=\"https:\/\/hegglin-hrsolutions.ch\/?page_id=497\" \/>\n<meta property=\"og:locale\" content=\"de_DE\" \/>\n<meta property=\"og:type\" content=\"article\" \/>\n<meta property=\"og:title\" content=\"Executive Search &amp; Recruiting - Hegglin HR-Solutions\" \/>\n<meta property=\"og:description\" content=\"RECRUITING Gute Fachkr\u00e4fte zu finden, ist f\u00fcr ein Unternehmen essenziell. Eine Fehlbesetzung kann rasch hohe Kosten und Unzufriedenheit f\u00fcr und im Unternehmen mit sich bringen. Deshalb ist es wichtig, den ganzen Anstellungsprozess bestm\u00f6glich zu steuern. Beginnend mit einem detaillierten Stellenbeschrieb, in welchem festgehalten wird, welche Aufgaben und Unternehmensziele der Stelleninhaber\/die Stelleninhaberin zu erf\u00fcllen hat. Daraus [&hellip;]\" \/>\n<meta property=\"og:url\" content=\"https:\/\/hegglin-hrsolutions.ch\/?page_id=497\" \/>\n<meta property=\"og:site_name\" content=\"Hegglin HR-Solutions\" \/>\n<meta property=\"article:modified_time\" content=\"2021-02-08T21:14:35+00:00\" \/>\n<meta property=\"og:image\" content=\"\" \/>\n<meta name=\"twitter:card\" content=\"summary_large_image\" \/>\n<meta name=\"twitter:label1\" content=\"Est. reading time\" \/>\n\t<meta name=\"twitter:data1\" content=\"1 Minute\" \/>\n<script type=\"application\/ld+json\" class=\"yoast-schema-graph\">{\"@context\":\"https:\/\/schema.org\",\"@graph\":[{\"@type\":\"WebPage\",\"@id\":\"https:\/\/hegglin-hrsolutions.ch\/?page_id=497\",\"url\":\"https:\/\/hegglin-hrsolutions.ch\/?page_id=497\",\"name\":\"Executive Search & Recruiting - Hegglin HR-Solutions\",\"isPartOf\":{\"@id\":\"https:\/\/hegglin-hrsolutions.ch\/#website\"},\"datePublished\":\"2021-01-17T16:54:16+00:00\",\"dateModified\":\"2021-02-08T21:14:35+00:00\",\"breadcrumb\":{\"@id\":\"https:\/\/hegglin-hrsolutions.ch\/?page_id=497#breadcrumb\"},\"inLanguage\":\"de-CH\",\"potentialAction\":[{\"@type\":\"ReadAction\",\"target\":[\"https:\/\/hegglin-hrsolutions.ch\/?page_id=497\"]}]},{\"@type\":\"BreadcrumbList\",\"@id\":\"https:\/\/hegglin-hrsolutions.ch\/?page_id=497#breadcrumb\",\"itemListElement\":[{\"@type\":\"ListItem\",\"position\":1,\"name\":\"Home\",\"item\":\"https:\/\/hegglin-hrsolutions.ch\/\"},{\"@type\":\"ListItem\",\"position\":2,\"name\":\"Home\",\"item\":\"https:\/\/hegglin-hrsolutions.ch\/\"},{\"@type\":\"ListItem\",\"position\":3,\"name\":\"Executive Search &#038; Recruiting\"}]},{\"@type\":\"WebSite\",\"@id\":\"https:\/\/hegglin-hrsolutions.ch\/#website\",\"url\":\"https:\/\/hegglin-hrsolutions.ch\/\",\"name\":\"Hegglin HR-Solutions\",\"description\":\"\",\"publisher\":{\"@id\":\"https:\/\/hegglin-hrsolutions.ch\/#organization\"},\"potentialAction\":[{\"@type\":\"SearchAction\",\"target\":{\"@type\":\"EntryPoint\",\"urlTemplate\":\"https:\/\/hegglin-hrsolutions.ch\/?s={search_term_string}\"},\"query-input\":\"required name=search_term_string\"}],\"inLanguage\":\"de-CH\"},{\"@type\":\"Organization\",\"@id\":\"https:\/\/hegglin-hrsolutions.ch\/#organization\",\"name\":\"Hegglin HR-Solutions\",\"url\":\"https:\/\/hegglin-hrsolutions.ch\/\",\"logo\":{\"@type\":\"ImageObject\",\"inLanguage\":\"de-CH\",\"@id\":\"https:\/\/hegglin-hrsolutions.ch\/#\/schema\/logo\/image\/\",\"url\":\"https:\/\/hegglin-hrsolutions.ch\/wp-content\/uploads\/2021\/01\/cropped-Logo_prov_black.png\",\"contentUrl\":\"https:\/\/hegglin-hrsolutions.ch\/wp-content\/uploads\/2021\/01\/cropped-Logo_prov_black.png\",\"width\":559,\"height\":207,\"caption\":\"Hegglin HR-Solutions\"},\"image\":{\"@id\":\"https:\/\/hegglin-hrsolutions.ch\/#\/schema\/logo\/image\/\"}}]}<\/script>\n<!-- \/ Yoast SEO plugin. -->","yoast_head_json":{"title":"Executive Search & Recruiting - Hegglin HR-Solutions","robots":{"index":"index","follow":"follow","max-snippet":"max-snippet:-1","max-image-preview":"max-image-preview:large","max-video-preview":"max-video-preview:-1"},"canonical":"https:\/\/hegglin-hrsolutions.ch\/?page_id=497","og_locale":"de_DE","og_type":"article","og_title":"Executive Search & Recruiting - Hegglin HR-Solutions","og_description":"RECRUITING Gute Fachkr\u00e4fte zu finden, ist f\u00fcr ein Unternehmen essenziell. Eine Fehlbesetzung kann rasch hohe Kosten und Unzufriedenheit f\u00fcr und im Unternehmen mit sich bringen. Deshalb ist es wichtig, den ganzen Anstellungsprozess bestm\u00f6glich zu steuern. Beginnend mit einem detaillierten Stellenbeschrieb, in welchem festgehalten wird, welche Aufgaben und Unternehmensziele der Stelleninhaber\/die Stelleninhaberin zu erf\u00fcllen hat. Daraus [&hellip;]","og_url":"https:\/\/hegglin-hrsolutions.ch\/?page_id=497","og_site_name":"Hegglin HR-Solutions","article_modified_time":"2021-02-08T21:14:35+00:00","og_image":[{"url":"data:image\/gif;base64,R0lGODlhAQABAIAAAAAAAP\/\/\/yH5BAEAAAAALAAAAAABAAEAAAIBRAA7"}],"twitter_card":"summary_large_image","twitter_misc":{"Est. reading time":"1 Minute"},"schema":{"@context":"https:\/\/schema.org","@graph":[{"@type":"WebPage","@id":"https:\/\/hegglin-hrsolutions.ch\/?page_id=497","url":"https:\/\/hegglin-hrsolutions.ch\/?page_id=497","name":"Executive Search & Recruiting - Hegglin HR-Solutions","isPartOf":{"@id":"https:\/\/hegglin-hrsolutions.ch\/#website"},"datePublished":"2021-01-17T16:54:16+00:00","dateModified":"2021-02-08T21:14:35+00:00","breadcrumb":{"@id":"https:\/\/hegglin-hrsolutions.ch\/?page_id=497#breadcrumb"},"inLanguage":"de-CH","potentialAction":[{"@type":"ReadAction","target":["https:\/\/hegglin-hrsolutions.ch\/?page_id=497"]}]},{"@type":"BreadcrumbList","@id":"https:\/\/hegglin-hrsolutions.ch\/?page_id=497#breadcrumb","itemListElement":[{"@type":"ListItem","position":1,"name":"Home","item":"https:\/\/hegglin-hrsolutions.ch\/"},{"@type":"ListItem","position":2,"name":"Home","item":"https:\/\/hegglin-hrsolutions.ch\/"},{"@type":"ListItem","position":3,"name":"Executive Search &#038; Recruiting"}]},{"@type":"WebSite","@id":"https:\/\/hegglin-hrsolutions.ch\/#website","url":"https:\/\/hegglin-hrsolutions.ch\/","name":"Hegglin HR-Solutions","description":"","publisher":{"@id":"https:\/\/hegglin-hrsolutions.ch\/#organization"},"potentialAction":[{"@type":"SearchAction","target":{"@type":"EntryPoint","urlTemplate":"https:\/\/hegglin-hrsolutions.ch\/?s={search_term_string}"},"query-input":"required name=search_term_string"}],"inLanguage":"de-CH"},{"@type":"Organization","@id":"https:\/\/hegglin-hrsolutions.ch\/#organization","name":"Hegglin HR-Solutions","url":"https:\/\/hegglin-hrsolutions.ch\/","logo":{"@type":"ImageObject","inLanguage":"de-CH","@id":"https:\/\/hegglin-hrsolutions.ch\/#\/schema\/logo\/image\/","url":"https:\/\/hegglin-hrsolutions.ch\/wp-content\/uploads\/2021\/01\/cropped-Logo_prov_black.png","contentUrl":"https:\/\/hegglin-hrsolutions.ch\/wp-content\/uploads\/2021\/01\/cropped-Logo_prov_black.png","width":559,"height":207,"caption":"Hegglin HR-Solutions"},"image":{"@id":"https:\/\/hegglin-hrsolutions.ch\/#\/schema\/logo\/image\/"}}]}},"_links":{"self":[{"href":"https:\/\/hegglin-hrsolutions.ch\/index.php?rest_route=\/wp\/v2\/pages\/497"}],"collection":[{"href":"https:\/\/hegglin-hrsolutions.ch\/index.php?rest_route=\/wp\/v2\/pages"}],"about":[{"href":"https:\/\/hegglin-hrsolutions.ch\/index.php?rest_route=\/wp\/v2\/types\/page"}],"author":[{"embeddable":true,"href":"https:\/\/hegglin-hrsolutions.ch\/index.php?rest_route=\/wp\/v2\/users\/1"}],"replies":[{"embeddable":true,"href":"https:\/\/hegglin-hrsolutions.ch\/index.php?rest_route=%2Fwp%2Fv2%2Fcomments&post=497"}],"version-history":[{"count":29,"href":"https:\/\/hegglin-hrsolutions.ch\/index.php?rest_route=\/wp\/v2\/pages\/497\/revisions"}],"predecessor-version":[{"id":822,"href":"https:\/\/hegglin-hrsolutions.ch\/index.php?rest_route=\/wp\/v2\/pages\/497\/revisions\/822"}],"up":[{"embeddable":true,"href":"https:\/\/hegglin-hrsolutions.ch\/index.php?rest_route=\/wp\/v2\/pages\/79"}],"wp:attachment":[{"href":"https:\/\/hegglin-hrsolutions.ch\/index.php?rest_route=%2Fwp%2Fv2%2Fmedia&parent=497"}],"curies":[{"name":"wp","href":"https:\/\/api.w.org\/{rel}","templated":true}]}}